{"id":257,"date":"2020-11-29T16:04:17","date_gmt":"2020-11-29T15:04:17","guid":{"rendered":"https:\/\/ch-g.at\/imprint\/"},"modified":"2023-09-15T19:46:45","modified_gmt":"2023-09-15T17:46:45","slug":"imprint","status":"publish","type":"page","link":"https:\/\/ch-g.at\/en\/imprint\/","title":{"rendered":"Imprint"},"content":{"rendered":"<div class=\"wpb-content-wrapper\"><p>[vc_row][vc_column][vc_column_text el_class=&#8221;glass&#8221;]<\/p>\n<h1>Imprint<\/h1>\n<p>Disclosure pursuant to Section 5 (1) of the Austrian E-Commerce Act<\/p>\n<p>Media owner of this website<\/p>\n<p>Christian Gschoesser e.U.<br \/>\nOwner:<br \/>\nChristian Gsch\u00f6\u00dfer, MSc.<br \/>\nHambergstra\u00dfe 1<br \/>\n6265 Hart im Zillertal<br \/>\nAustria<\/p>\n<p>Email:\u00a0<a href=\"mailto:info@ch-g.at\">info@ch-g.at<\/a><br \/>\nPhone:\u00a0<a href=\"tel:00436603438138\">+43 660 34 38 138<\/a><\/p>\n<p>Company register number: FN 484166i at the district court Innsbruck<br \/>\nUID: ATU72928905<\/p>\n<p>Member of Wirtschaftskammer Tirol<\/p>\n<p>Professional Law:<br \/>\nTrade Regulation: <a href=\"http:\/\/www.ris.bka.gv.at\/\" target=\"_blank\" rel=\"noreferrer noopener\">www.ris.bka.gv.at<\/a><\/p>\n<p>Trade wording:<br \/>\nServices in automatic data processing and information technology<\/p>\n<p>Consumers have the possibility to submit complaints to the EU online dispute resolution platform: https:\/\/ec.europa.eu\/odr. You can also send any complaints to the above e-mail address.<\/p>\n<p><strong>Bank details<\/strong><br \/>\nIBAN: DE50100110012628790288<br \/>\nBIC: NTSBDEB1XXX<\/p>\n<h2>Copyright<\/h2>\n<p>Content, structure and layout of the website ch-g.at are protected by copyright. Copyrights for image material, texts and other protected works, trademarks and signs are not thereby curtailed<\/p>\n<h2>Disclaimer<\/h2>\n<p>According to general laws, the operator of a site is responsible for its content. The contents of this website were created with the utmost care. However, no liability is assumed for the accuracy, completeness and timeliness of the individual pages presented on this website.<\/p>\n<p>This website contains, among other things, links to third-party websites over whose content we have no control and for whose content we therefore cannot assume any liability. The linked pages were checked for possible legal violations at the time the links were created. However, due to the constant change of the websites and the extensive collection of links, a permanent control of the linked websites is not reasonable without concrete evidence. If we become aware of any infringements, we will remove the offending links immediately.[\/vc_column_text][\/vc_column][\/vc_row]<\/p>\n<\/div>","protected":false},"excerpt":{"rendered":"<p>[vc_row][vc_column][vc_column_text el_class=&#8221;glass&#8221;] Imprint Disclosure pursuant to Section 5 (1) of the Austrian E-Commerce Act Media owner of this website Christian Gschoesser e.U. Owner: Christian Gsch\u00f6\u00dfer, MSc. Hambergstra\u00dfe 1 6265 Hart im Zillertal Austria Email:\u00a0info@ch-g.at Phone:\u00a0+43 660 34 38 138 Company register number: FN 484166i at the district court Innsbruck UID: ATU72928905 Member of Wirtschaftskammer Tirol [&hellip;]<\/p>\n","protected":false},"author":1,"featured_media":0,"parent":0,"menu_order":14,"comment_status":"closed","ping_status":"closed","template":"","meta":{"inline_featured_image":false,"footnotes":""},"class_list":["post-257","page","type-page","status-publish","hentry"],"yoast_head":"<!-- This site is optimized with the Yoast SEO plugin v25.7 - https:\/\/yoast.com\/wordpress\/plugins\/seo\/ -->\n<title>Imprint - Christian Gschoesser<\/title>\n<meta name=\"robots\" content=\"noindex, follow\" \/>\n<meta property=\"og:locale\" content=\"en_US\" \/>\n<meta property=\"og:type\" content=\"article\" \/>\n<meta property=\"og:title\" content=\"Imprint - Christian Gschoesser\" \/>\n<meta property=\"og:description\" content=\"[vc_row][vc_column][vc_column_text el_class=&#8221;glass&#8221;] Imprint Disclosure pursuant to Section 5 (1) of the Austrian E-Commerce Act Media owner of this website Christian Gschoesser e.U. Owner: Christian Gsch\u00f6\u00dfer, MSc. Hambergstra\u00dfe 1 6265 Hart im Zillertal Austria Email:\u00a0info@ch-g.at Phone:\u00a0+43 660 34 38 138 Company register number: FN 484166i at the district court Innsbruck UID: ATU72928905 Member of Wirtschaftskammer Tirol [&hellip;]\" \/>\n<meta property=\"og:url\" content=\"https:\/\/ch-g.at\/en\/imprint\/\" \/>\n<meta property=\"og:site_name\" content=\"Christian Gschoesser\" \/>\n<meta property=\"article:publisher\" content=\"https:\/\/fb.me\/cgschoesser\" \/>\n<meta property=\"article:modified_time\" content=\"2023-09-15T17:46:45+00:00\" \/>\n<meta name=\"twitter:card\" content=\"summary_large_image\" \/>\n<meta name=\"twitter:label1\" content=\"Est. reading time\" \/>\n\t<meta name=\"twitter:data1\" content=\"1 minute\" \/>\n<script type=\"application\/ld+json\" class=\"yoast-schema-graph\">{\"@context\":\"https:\/\/schema.org\",\"@graph\":[{\"@type\":\"WebPage\",\"@id\":\"https:\/\/ch-g.at\/en\/imprint\/\",\"url\":\"https:\/\/ch-g.at\/en\/imprint\/\",\"name\":\"Imprint - Christian Gschoesser\",\"isPartOf\":{\"@id\":\"https:\/\/ch-g.at\/en\/#website\"},\"datePublished\":\"2020-11-29T15:04:17+00:00\",\"dateModified\":\"2023-09-15T17:46:45+00:00\",\"breadcrumb\":{\"@id\":\"https:\/\/ch-g.at\/en\/imprint\/#breadcrumb\"},\"inLanguage\":\"en-US\",\"potentialAction\":[{\"@type\":\"ReadAction\",\"target\":[\"https:\/\/ch-g.at\/en\/imprint\/\"]}]},{\"@type\":\"BreadcrumbList\",\"@id\":\"https:\/\/ch-g.at\/en\/imprint\/#breadcrumb\",\"itemListElement\":[{\"@type\":\"ListItem\",\"position\":1,\"name\":\"Startseite\",\"item\":\"https:\/\/ch-g.at\/en\/home\/\"},{\"@type\":\"ListItem\",\"position\":2,\"name\":\"Imprint\"}]},{\"@type\":\"WebSite\",\"@id\":\"https:\/\/ch-g.at\/en\/#website\",\"url\":\"https:\/\/ch-g.at\/en\/\",\"name\":\"Christian Gschoesser\",\"description\":\"Webentwicklung &amp; Webdesign\",\"publisher\":{\"@id\":\"https:\/\/ch-g.at\/en\/#organization\"},\"potentialAction\":[{\"@type\":\"SearchAction\",\"target\":{\"@type\":\"EntryPoint\",\"urlTemplate\":\"https:\/\/ch-g.at\/en\/?s={search_term_string}\"},\"query-input\":{\"@type\":\"PropertyValueSpecification\",\"valueRequired\":true,\"valueName\":\"search_term_string\"}}],\"inLanguage\":\"en-US\"},{\"@type\":\"Organization\",\"@id\":\"https:\/\/ch-g.at\/en\/#organization\",\"name\":\"Christian Gschoesser e.U.\",\"url\":\"https:\/\/ch-g.at\/en\/\",\"logo\":{\"@type\":\"ImageObject\",\"inLanguage\":\"en-US\",\"@id\":\"https:\/\/ch-g.at\/en\/#\/schema\/logo\/image\/\",\"url\":\"https:\/\/ch-g.at\/wp-content\/uploads\/2023\/09\/logo.png\",\"contentUrl\":\"https:\/\/ch-g.at\/wp-content\/uploads\/2023\/09\/logo.png\",\"width\":500,\"height\":500,\"caption\":\"Christian Gschoesser e.U.\"},\"image\":{\"@id\":\"https:\/\/ch-g.at\/en\/#\/schema\/logo\/image\/\"},\"sameAs\":[\"https:\/\/fb.me\/cgschoesser\",\"https:\/\/instagram.com\/cgschoesser\",\"https:\/\/www.linkedin.com\/in\/cgschoesser\/\"]}]}<\/script>\n<!-- \/ Yoast SEO plugin. -->","yoast_head_json":{"title":"Imprint - Christian Gschoesser","robots":{"index":"noindex","follow":"follow"},"og_locale":"en_US","og_type":"article","og_title":"Imprint - Christian Gschoesser","og_description":"[vc_row][vc_column][vc_column_text el_class=&#8221;glass&#8221;] Imprint Disclosure pursuant to Section 5 (1) of the Austrian E-Commerce Act Media owner of this website Christian Gschoesser e.U. Owner: Christian Gsch\u00f6\u00dfer, MSc. Hambergstra\u00dfe 1 6265 Hart im Zillertal Austria Email:\u00a0info@ch-g.at Phone:\u00a0+43 660 34 38 138 Company register number: FN 484166i at the district court Innsbruck UID: ATU72928905 Member of Wirtschaftskammer Tirol [&hellip;]","og_url":"https:\/\/ch-g.at\/en\/imprint\/","og_site_name":"Christian Gschoesser","article_publisher":"https:\/\/fb.me\/cgschoesser","article_modified_time":"2023-09-15T17:46:45+00:00","twitter_card":"summary_large_image","twitter_misc":{"Est. reading time":"1 minute"},"schema":{"@context":"https:\/\/schema.org","@graph":[{"@type":"WebPage","@id":"https:\/\/ch-g.at\/en\/imprint\/","url":"https:\/\/ch-g.at\/en\/imprint\/","name":"Imprint - Christian Gschoesser","isPartOf":{"@id":"https:\/\/ch-g.at\/en\/#website"},"datePublished":"2020-11-29T15:04:17+00:00","dateModified":"2023-09-15T17:46:45+00:00","breadcrumb":{"@id":"https:\/\/ch-g.at\/en\/imprint\/#breadcrumb"},"inLanguage":"en-US","potentialAction":[{"@type":"ReadAction","target":["https:\/\/ch-g.at\/en\/imprint\/"]}]},{"@type":"BreadcrumbList","@id":"https:\/\/ch-g.at\/en\/imprint\/#breadcrumb","itemListElement":[{"@type":"ListItem","position":1,"name":"Startseite","item":"https:\/\/ch-g.at\/en\/home\/"},{"@type":"ListItem","position":2,"name":"Imprint"}]},{"@type":"WebSite","@id":"https:\/\/ch-g.at\/en\/#website","url":"https:\/\/ch-g.at\/en\/","name":"Christian Gschoesser","description":"Webentwicklung &amp; Webdesign","publisher":{"@id":"https:\/\/ch-g.at\/en\/#organization"},"potentialAction":[{"@type":"SearchAction","target":{"@type":"EntryPoint","urlTemplate":"https:\/\/ch-g.at\/en\/?s={search_term_string}"},"query-input":{"@type":"PropertyValueSpecification","valueRequired":true,"valueName":"search_term_string"}}],"inLanguage":"en-US"},{"@type":"Organization","@id":"https:\/\/ch-g.at\/en\/#organization","name":"Christian Gschoesser e.U.","url":"https:\/\/ch-g.at\/en\/","logo":{"@type":"ImageObject","inLanguage":"en-US","@id":"https:\/\/ch-g.at\/en\/#\/schema\/logo\/image\/","url":"https:\/\/ch-g.at\/wp-content\/uploads\/2023\/09\/logo.png","contentUrl":"https:\/\/ch-g.at\/wp-content\/uploads\/2023\/09\/logo.png","width":500,"height":500,"caption":"Christian Gschoesser e.U."},"image":{"@id":"https:\/\/ch-g.at\/en\/#\/schema\/logo\/image\/"},"sameAs":["https:\/\/fb.me\/cgschoesser","https:\/\/instagram.com\/cgschoesser","https:\/\/www.linkedin.com\/in\/cgschoesser\/"]}]}},"_links":{"self":[{"href":"https:\/\/ch-g.at\/en\/wp-json\/wp\/v2\/pages\/257","targetHints":{"allow":["GET"]}}],"collection":[{"href":"https:\/\/ch-g.at\/en\/wp-json\/wp\/v2\/pages"}],"about":[{"href":"https:\/\/ch-g.at\/en\/wp-json\/wp\/v2\/types\/page"}],"author":[{"embeddable":true,"href":"https:\/\/ch-g.at\/en\/wp-json\/wp\/v2\/users\/1"}],"replies":[{"embeddable":true,"href":"https:\/\/ch-g.at\/en\/wp-json\/wp\/v2\/comments?post=257"}],"version-history":[{"count":5,"href":"https:\/\/ch-g.at\/en\/wp-json\/wp\/v2\/pages\/257\/revisions"}],"predecessor-version":[{"id":305,"href":"https:\/\/ch-g.at\/en\/wp-json\/wp\/v2\/pages\/257\/revisions\/305"}],"wp:attachment":[{"href":"https:\/\/ch-g.at\/en\/wp-json\/wp\/v2\/media?parent=257"}],"curies":[{"name":"wp","href":"https:\/\/api.w.org\/{rel}","templated":true}]}}