{"id":252,"date":"2020-11-29T16:02:49","date_gmt":"2020-11-29T15:02:49","guid":{"rendered":"https:\/\/ch-g.at\/contact\/"},"modified":"2025-08-21T16:25:01","modified_gmt":"2025-08-21T14:25:01","slug":"contact","status":"publish","type":"page","link":"https:\/\/ch-g.at\/en\/contact\/","title":{"rendered":"Contact"},"content":{"rendered":"<div class=\"wpb-content-wrapper\"><p>[vc_row][vc_column width=&#8221;1\/2&#8243;][vc_column_text css_animation=&#8221;fadeInUp&#8221;]<div class=\"frm_forms  with_frm_style frm_style_formidable-style\" id=\"frm_form_3_container\" data-token=\"f75136c9b6109870feb862a204edf1d2\">\n<form enctype=\"multipart\/form-data\" method=\"post\" class=\"frm-show-form \" id=\"form_contact\" data-token=\"f75136c9b6109870feb862a204edf1d2\">\n<div class=\"frm_form_fields \">\n<fieldset>\n<legend class=\"frm_screen_reader\">Contact <\/legend>\r\n\r\n<div class=\"frm_fields_container\">\n<input type=\"hidden\" name=\"frm_action\" value=\"create\" \/>\n<input type=\"hidden\" name=\"form_id\" value=\"3\" \/>\n<input type=\"hidden\" name=\"frm_hide_fields_3\" id=\"frm_hide_fields_3\" value=\"\" \/>\n<input type=\"hidden\" name=\"form_key\" value=\"contact\" \/>\n<input type=\"hidden\" name=\"item_meta[0]\" value=\"\" \/>\n<input type=\"hidden\" id=\"frm_submit_entry_3\" name=\"frm_submit_entry_3\" value=\"7669a2dc40\" \/><input type=\"hidden\" name=\"_wp_http_referer\" value=\"\/en\/wp-json\/wp\/v2\/pages\/252\" \/><div id=\"frm_field_10_container\" class=\"frm_form_field form-field  frm_required_field frm_top_container\">\r\n    <div  id=\"field_omxja2_label\" class=\"frm_primary_label\">Name\r\n        <span class=\"frm_required\" aria-hidden=\"true\">*<\/span>\r\n    <\/div>\r\n    <fieldset aria-labelledby=\"field_omxja2_label\">\n\t<legend class=\"frm_screen_reader frm_hidden\">\n\t\tName\t<\/legend>\n\n\t<div  class=\"frm_combo_inputs_container\" id=\"frm_combo_inputs_container_10\" data-name-layout=\"first_last\">\n\t\t\t\t\t<div\n\t\t\t\tid=\"frm_field_10-first_container\"\n\t\t\t\tclass=\"frm_form_field form-field frm_form_subfield-first  frm6\"\n\t\t\t\tdata-sub-field-name=\"first\"\n\t\t\t>\n\t\t\t\t<label for=\"field_omxja2_first\" class=\"frm_screen_reader frm_hidden\">\n\t\t\t\t\tFirst name\t\t\t\t<\/label>\n\n\t\t\t\t<input  type=\"text\" id=\"field_omxja2_first\" value=\"\" name=\"item_meta[10][first]\" data-reqmsg=\"Dieses Feld darf nicht leer sein.\" aria-required=\"true\" data-invmsg=\"Name is invalid\" aria-invalid=\"false\"  \/><div class=\"frm_description\" id=\"frm_field_10_first_desc\">First name<\/div>\t\t\t<\/div>\n\t\t\t\t\t\t<div\n\t\t\t\tid=\"frm_field_10-last_container\"\n\t\t\t\tclass=\"frm_form_field form-field frm_form_subfield-last  frm6\"\n\t\t\t\tdata-sub-field-name=\"last\"\n\t\t\t>\n\t\t\t\t<label for=\"field_omxja2_last\" class=\"frm_screen_reader frm_hidden\">\n\t\t\t\t\tLast name\t\t\t\t<\/label>\n\n\t\t\t\t<input  type=\"text\" id=\"field_omxja2_last\" value=\"\" name=\"item_meta[10][last]\" data-reqmsg=\"Dieses Feld darf nicht leer sein.\" aria-required=\"true\" data-invmsg=\"Name is invalid\" aria-invalid=\"false\"  \/><div class=\"frm_description\" id=\"frm_field_10_last_desc\">Last name<\/div>\t\t\t<\/div>\n\t\t\t\t<\/div>\n<\/fieldset>\n\r\n    \r\n    \r\n<\/div>\n<div id=\"frm_field_11_container\" class=\"frm_form_field form-field  frm_required_field frm_top_container\">\r\n    <label for=\"field_ubbce2\" id=\"field_ubbce2_label\" class=\"frm_primary_label\">Email\r\n        <span class=\"frm_required\" aria-hidden=\"true\">*<\/span>\r\n    <\/label>\r\n    <input type=\"email\" id=\"field_ubbce2\" name=\"item_meta[11]\" value=\"\"  data-reqmsg=\"Dieses Feld darf nicht leer sein.\" aria-required=\"true\" data-invmsg=\"E-Mail ist ung\u00fcltig\" aria-invalid=\"false\"  \/>\r\n    \r\n    \r\n<\/div>\n<div id=\"frm_field_12_container\" class=\"frm_form_field form-field  frm_top_container\">\r\n    <label for=\"field_syrup2\" id=\"field_syrup2_label\" class=\"frm_primary_label\">Phone\r\n        <span class=\"frm_required\" aria-hidden=\"true\"><\/span>\r\n    <\/label>\r\n    <input type=\"tel\" id=\"field_syrup2\" name=\"item_meta[12]\" value=\"\"  data-invmsg=\"Telefon ist ung\u00fcltig\" aria-invalid=\"false\" pattern=\"((\\+\\d{1,3}(-|.| )?\\(?\\d\\)?(-| |.)?\\d{1,5})|(\\(?\\d{2,6}\\)?))(-|.| )?(\\d{3,4})(-|.| )?(\\d{4})(( x| ext)\\d{1,5}){0,1}$\"  \/>\r\n    \r\n    \r\n<\/div>\n<div id=\"frm_field_13_container\" class=\"frm_form_field form-field  frm_required_field frm_top_container\">\r\n    <label for=\"field_nxm3j2\" id=\"field_nxm3j2_label\" class=\"frm_primary_label\">Your message\r\n        <span class=\"frm_required\" aria-hidden=\"true\">*<\/span>\r\n    <\/label>\r\n    <textarea name=\"item_meta[13]\" id=\"field_nxm3j2\" rows=\"5\"  data-reqmsg=\"Dieses Feld darf nicht leer sein.\" aria-required=\"true\" data-invmsg=\"Your message is invalid\" aria-invalid=\"false\"  ><\/textarea>\r\n    \r\n    \r\n<\/div>\n\t<input type=\"hidden\" name=\"item_key\" value=\"\" \/>\n\t\t\t<div id=\"frm_field_21_container\">\n\t\t\t<label for=\"field_kwb7a\" >\n\t\t\t\tIf you are human, leave this field blank.\t\t\t<\/label>\n\t\t\t<input  id=\"field_kwb7a\" type=\"text\" class=\"frm_form_field form-field frm_verify\" name=\"item_meta[21]\" value=\"\"  \/>\n\t\t<\/div>\n\t\t<input name=\"frm_state\" type=\"hidden\" value=\"n4ObwK8HsRJHMIwDEMwQPxDlosU5lPCilO8HS58fYnc=\" \/><div class=\"frm_submit\">\r\n\r\n<button class=\"frm_button_submit\" type=\"submit\"  >Send inquiry<\/button>\r\n\r\n\r\n<\/div><\/div>\n<\/fieldset>\n<\/div>\n\n<\/form>\n<\/div>\n[\/vc_column_text][\/vc_column][vc_column width=&#8221;1\/2&#8243;][vc_single_image image=&#8221;383&#8243; img_size=&#8221;full&#8221; alignment=&#8221;center&#8221; style=&#8221;vc_box_circle&#8221; css_animation=&#8221;fadeInUp&#8221;][vc_column_text css_animation=&#8221;fadeInUp&#8221;]<strong>Christian Gschoesser e.U.<\/strong><br \/>\nChristian Gsch\u00f6\u00dfer, MSc.<br \/>\nHambergstra\u00dfe 1<br \/>\n6265 Hart im Zillertal<br \/>\nAustria<\/p>\n<p><a href=\"tel:+43660343818\">+43 660 34 38 138<\/a><br \/>\n<a href=\"mailto:info@ch-g.at\">info@ch-g.at<\/a>[\/vc_column_text][\/vc_column][\/vc_row]<\/p>\n<\/div>","protected":false},"excerpt":{"rendered":"<p>[vc_row][vc_column width=&#8221;1\/2&#8243;][vc_column_text css_animation=&#8221;fadeInUp&#8221;][\/vc_column_text][\/vc_column][vc_column width=&#8221;1\/2&#8243;][vc_single_image image=&#8221;383&#8243; img_size=&#8221;full&#8221; alignment=&#8221;center&#8221; style=&#8221;vc_box_circle&#8221; css_animation=&#8221;fadeInUp&#8221;][vc_column_text css_animation=&#8221;fadeInUp&#8221;]Christian Gschoesser e.U. Christian Gsch\u00f6\u00dfer, MSc. Hambergstra\u00dfe 1 6265 Hart im Zillertal Austria +43 660 34 38 138 info@ch-g.at[\/vc_column_text][\/vc_column][\/vc_row]<\/p>\n","protected":false},"author":1,"featured_media":383,"parent":0,"menu_order":13,"comment_status":"closed","ping_status":"closed","template":"","meta":{"inline_featured_image":false,"footnotes":""},"class_list":["post-252","page","type-page","status-publish","has-post-thumbnail","hentry"],"yoast_head":"<!-- This site is optimized with the Yoast SEO plugin v25.7 - https:\/\/yoast.com\/wordpress\/plugins\/seo\/ -->\n<title>Contact me - request without obligation | Christian Gschoesser<\/title>\n<meta name=\"description\" content=\"I look forward to your call, your e-mail or your request via the form. info@ch-g.at | +43 660 34 38 138\" \/>\n<meta name=\"robots\" content=\"index, follow, max-snippet:-1, max-image-preview:large, max-video-preview:-1\" \/>\n<link rel=\"canonical\" href=\"https:\/\/ch-g.at\/en\/contact\/\" \/>\n<meta property=\"og:locale\" content=\"en_US\" \/>\n<meta property=\"og:type\" content=\"article\" \/>\n<meta property=\"og:title\" content=\"Contact me - request without obligation | Christian Gschoesser\" \/>\n<meta property=\"og:description\" content=\"I look forward to your call, your e-mail or your request via the form. info@ch-g.at | +43 660 34 38 138\" \/>\n<meta property=\"og:url\" content=\"https:\/\/ch-g.at\/en\/contact\/\" \/>\n<meta property=\"og:site_name\" content=\"Christian Gschoesser\" \/>\n<meta property=\"article:publisher\" content=\"https:\/\/fb.me\/cgschoesser\" \/>\n<meta property=\"article:modified_time\" content=\"2025-08-21T14:25:01+00:00\" \/>\n<meta property=\"og:image\" content=\"https:\/\/ch-g.at\/wp-content\/uploads\/2025\/08\/Christian_Gschoesser.jpg\" \/>\n\t<meta property=\"og:image:width\" content=\"1080\" \/>\n\t<meta property=\"og:image:height\" content=\"1080\" \/>\n\t<meta property=\"og:image:type\" content=\"image\/jpeg\" \/>\n<meta name=\"twitter:card\" content=\"summary_large_image\" \/>\n<meta name=\"twitter:label1\" content=\"Est. reading time\" \/>\n\t<meta name=\"twitter:data1\" content=\"1 minute\" \/>\n<script type=\"application\/ld+json\" class=\"yoast-schema-graph\">{\"@context\":\"https:\/\/schema.org\",\"@graph\":[{\"@type\":\"WebPage\",\"@id\":\"https:\/\/ch-g.at\/en\/contact\/\",\"url\":\"https:\/\/ch-g.at\/en\/contact\/\",\"name\":\"Contact me - request without obligation | Christian Gschoesser\",\"isPartOf\":{\"@id\":\"https:\/\/ch-g.at\/en\/#website\"},\"primaryImageOfPage\":{\"@id\":\"https:\/\/ch-g.at\/en\/contact\/#primaryimage\"},\"image\":{\"@id\":\"https:\/\/ch-g.at\/en\/contact\/#primaryimage\"},\"thumbnailUrl\":\"https:\/\/ch-g.at\/wp-content\/uploads\/2025\/08\/Christian_Gschoesser.jpg\",\"datePublished\":\"2020-11-29T15:02:49+00:00\",\"dateModified\":\"2025-08-21T14:25:01+00:00\",\"description\":\"I look forward to your call, your e-mail or your request via the form. info@ch-g.at | +43 660 34 38 138\",\"breadcrumb\":{\"@id\":\"https:\/\/ch-g.at\/en\/contact\/#breadcrumb\"},\"inLanguage\":\"en-US\",\"potentialAction\":[{\"@type\":\"ReadAction\",\"target\":[\"https:\/\/ch-g.at\/en\/contact\/\"]}]},{\"@type\":\"ImageObject\",\"inLanguage\":\"en-US\",\"@id\":\"https:\/\/ch-g.at\/en\/contact\/#primaryimage\",\"url\":\"https:\/\/ch-g.at\/wp-content\/uploads\/2025\/08\/Christian_Gschoesser.jpg\",\"contentUrl\":\"https:\/\/ch-g.at\/wp-content\/uploads\/2025\/08\/Christian_Gschoesser.jpg\",\"width\":1080,\"height\":1080,\"caption\":\"Christian Gschoesser\"},{\"@type\":\"BreadcrumbList\",\"@id\":\"https:\/\/ch-g.at\/en\/contact\/#breadcrumb\",\"itemListElement\":[{\"@type\":\"ListItem\",\"position\":1,\"name\":\"Startseite\",\"item\":\"https:\/\/ch-g.at\/en\/home\/\"},{\"@type\":\"ListItem\",\"position\":2,\"name\":\"Contact\"}]},{\"@type\":\"WebSite\",\"@id\":\"https:\/\/ch-g.at\/en\/#website\",\"url\":\"https:\/\/ch-g.at\/en\/\",\"name\":\"Christian Gschoesser\",\"description\":\"Webentwicklung &amp; Webdesign\",\"publisher\":{\"@id\":\"https:\/\/ch-g.at\/en\/#organization\"},\"potentialAction\":[{\"@type\":\"SearchAction\",\"target\":{\"@type\":\"EntryPoint\",\"urlTemplate\":\"https:\/\/ch-g.at\/en\/?s={search_term_string}\"},\"query-input\":{\"@type\":\"PropertyValueSpecification\",\"valueRequired\":true,\"valueName\":\"search_term_string\"}}],\"inLanguage\":\"en-US\"},{\"@type\":\"Organization\",\"@id\":\"https:\/\/ch-g.at\/en\/#organization\",\"name\":\"Christian Gschoesser e.U.\",\"url\":\"https:\/\/ch-g.at\/en\/\",\"logo\":{\"@type\":\"ImageObject\",\"inLanguage\":\"en-US\",\"@id\":\"https:\/\/ch-g.at\/en\/#\/schema\/logo\/image\/\",\"url\":\"https:\/\/ch-g.at\/wp-content\/uploads\/2023\/09\/logo.png\",\"contentUrl\":\"https:\/\/ch-g.at\/wp-content\/uploads\/2023\/09\/logo.png\",\"width\":500,\"height\":500,\"caption\":\"Christian Gschoesser e.U.\"},\"image\":{\"@id\":\"https:\/\/ch-g.at\/en\/#\/schema\/logo\/image\/\"},\"sameAs\":[\"https:\/\/fb.me\/cgschoesser\",\"https:\/\/instagram.com\/cgschoesser\",\"https:\/\/www.linkedin.com\/in\/cgschoesser\/\"]}]}<\/script>\n<!-- \/ Yoast SEO plugin. -->","yoast_head_json":{"title":"Contact me - request without obligation | Christian Gschoesser","description":"I look forward to your call, your e-mail or your request via the form. info@ch-g.at | +43 660 34 38 138","robots":{"index":"index","follow":"follow","max-snippet":"max-snippet:-1","max-image-preview":"max-image-preview:large","max-video-preview":"max-video-preview:-1"},"canonical":"https:\/\/ch-g.at\/en\/contact\/","og_locale":"en_US","og_type":"article","og_title":"Contact me - request without obligation | Christian Gschoesser","og_description":"I look forward to your call, your e-mail or your request via the form. info@ch-g.at | +43 660 34 38 138","og_url":"https:\/\/ch-g.at\/en\/contact\/","og_site_name":"Christian Gschoesser","article_publisher":"https:\/\/fb.me\/cgschoesser","article_modified_time":"2025-08-21T14:25:01+00:00","og_image":[{"width":1080,"height":1080,"url":"https:\/\/ch-g.at\/wp-content\/uploads\/2025\/08\/Christian_Gschoesser.jpg","type":"image\/jpeg"}],"twitter_card":"summary_large_image","twitter_misc":{"Est. reading time":"1 minute"},"schema":{"@context":"https:\/\/schema.org","@graph":[{"@type":"WebPage","@id":"https:\/\/ch-g.at\/en\/contact\/","url":"https:\/\/ch-g.at\/en\/contact\/","name":"Contact me - request without obligation | Christian Gschoesser","isPartOf":{"@id":"https:\/\/ch-g.at\/en\/#website"},"primaryImageOfPage":{"@id":"https:\/\/ch-g.at\/en\/contact\/#primaryimage"},"image":{"@id":"https:\/\/ch-g.at\/en\/contact\/#primaryimage"},"thumbnailUrl":"https:\/\/ch-g.at\/wp-content\/uploads\/2025\/08\/Christian_Gschoesser.jpg","datePublished":"2020-11-29T15:02:49+00:00","dateModified":"2025-08-21T14:25:01+00:00","description":"I look forward to your call, your e-mail or your request via the form. info@ch-g.at | +43 660 34 38 138","breadcrumb":{"@id":"https:\/\/ch-g.at\/en\/contact\/#breadcrumb"},"inLanguage":"en-US","potentialAction":[{"@type":"ReadAction","target":["https:\/\/ch-g.at\/en\/contact\/"]}]},{"@type":"ImageObject","inLanguage":"en-US","@id":"https:\/\/ch-g.at\/en\/contact\/#primaryimage","url":"https:\/\/ch-g.at\/wp-content\/uploads\/2025\/08\/Christian_Gschoesser.jpg","contentUrl":"https:\/\/ch-g.at\/wp-content\/uploads\/2025\/08\/Christian_Gschoesser.jpg","width":1080,"height":1080,"caption":"Christian Gschoesser"},{"@type":"BreadcrumbList","@id":"https:\/\/ch-g.at\/en\/contact\/#breadcrumb","itemListElement":[{"@type":"ListItem","position":1,"name":"Startseite","item":"https:\/\/ch-g.at\/en\/home\/"},{"@type":"ListItem","position":2,"name":"Contact"}]},{"@type":"WebSite","@id":"https:\/\/ch-g.at\/en\/#website","url":"https:\/\/ch-g.at\/en\/","name":"Christian Gschoesser","description":"Webentwicklung &amp; Webdesign","publisher":{"@id":"https:\/\/ch-g.at\/en\/#organization"},"potentialAction":[{"@type":"SearchAction","target":{"@type":"EntryPoint","urlTemplate":"https:\/\/ch-g.at\/en\/?s={search_term_string}"},"query-input":{"@type":"PropertyValueSpecification","valueRequired":true,"valueName":"search_term_string"}}],"inLanguage":"en-US"},{"@type":"Organization","@id":"https:\/\/ch-g.at\/en\/#organization","name":"Christian Gschoesser e.U.","url":"https:\/\/ch-g.at\/en\/","logo":{"@type":"ImageObject","inLanguage":"en-US","@id":"https:\/\/ch-g.at\/en\/#\/schema\/logo\/image\/","url":"https:\/\/ch-g.at\/wp-content\/uploads\/2023\/09\/logo.png","contentUrl":"https:\/\/ch-g.at\/wp-content\/uploads\/2023\/09\/logo.png","width":500,"height":500,"caption":"Christian Gschoesser e.U."},"image":{"@id":"https:\/\/ch-g.at\/en\/#\/schema\/logo\/image\/"},"sameAs":["https:\/\/fb.me\/cgschoesser","https:\/\/instagram.com\/cgschoesser","https:\/\/www.linkedin.com\/in\/cgschoesser\/"]}]}},"_links":{"self":[{"href":"https:\/\/ch-g.at\/en\/wp-json\/wp\/v2\/pages\/252","targetHints":{"allow":["GET"]}}],"collection":[{"href":"https:\/\/ch-g.at\/en\/wp-json\/wp\/v2\/pages"}],"about":[{"href":"https:\/\/ch-g.at\/en\/wp-json\/wp\/v2\/types\/page"}],"author":[{"embeddable":true,"href":"https:\/\/ch-g.at\/en\/wp-json\/wp\/v2\/users\/1"}],"replies":[{"embeddable":true,"href":"https:\/\/ch-g.at\/en\/wp-json\/wp\/v2\/comments?post=252"}],"version-history":[{"count":13,"href":"https:\/\/ch-g.at\/en\/wp-json\/wp\/v2\/pages\/252\/revisions"}],"predecessor-version":[{"id":386,"href":"https:\/\/ch-g.at\/en\/wp-json\/wp\/v2\/pages\/252\/revisions\/386"}],"wp:featuredmedia":[{"embeddable":true,"href":"https:\/\/ch-g.at\/en\/wp-json\/wp\/v2\/media\/383"}],"wp:attachment":[{"href":"https:\/\/ch-g.at\/en\/wp-json\/wp\/v2\/media?parent=252"}],"curies":[{"name":"wp","href":"https:\/\/api.w.org\/{rel}","templated":true}]}}